{"id":24168,"date":"2023-09-27T15:45:09","date_gmt":"2023-09-27T21:45:09","guid":{"rendered":"https:\/\/aiwifi.io\/contacto\/"},"modified":"2024-01-19T10:55:19","modified_gmt":"2024-01-19T16:55:19","slug":"contacto","status":"publish","type":"page","link":"https:\/\/aiwifi.io\/es\/contacto\/","title":{"rendered":"Contacto"},"content":{"rendered":"\t\t<div data-elementor-type=\"wp-page\" data-elementor-id=\"24168\" class=\"elementor elementor-24168 elementor-844\">\n\t\t\t\t<div class=\"elementor-element elementor-element-ed479d7 e-con-full e-flex e-con e-parent\" data-id=\"ed479d7\" data-element_type=\"container\" data-e-type=\"container\" data-settings=\"{&quot;background_background&quot;:&quot;classic&quot;}\">\n\t\t<div class=\"elementor-element elementor-element-4a456d74 e-con-full animated-fast e-flex elementor-invisible e-con e-child\" data-id=\"4a456d74\" data-element_type=\"container\" data-e-type=\"container\" data-settings=\"{&quot;background_background&quot;:&quot;classic&quot;,&quot;animation&quot;:&quot;fadeIn&quot;,&quot;animation_delay&quot;:100}\">\n\t\t\t\t<div class=\"elementor-element elementor-element-e02ed24 elementor-widget elementor-widget-image\" data-id=\"e02ed24\" data-element_type=\"widget\" data-e-type=\"widget\" data-settings=\"{&quot;ekit_we_effect_on&quot;:&quot;none&quot;}\" data-widget_type=\"image.default\">\n\t\t\t\t<div class=\"elementor-widget-container\">\n\t\t\t\t\t\t\t\t\t\t\t\t\t\t\t<img fetchpriority=\"high\" decoding=\"async\" width=\"1000\" height=\"925\" src=\"https:\/\/aiwifi.io\/wp-content\/uploads\/2024\/01\/punto-wifi_10_mesa-de-trabajo-1-copia-2-wztdgh-1000-2.webp\" class=\"attachment-large size-large wp-image-23947\" alt=\"\" srcset=\"https:\/\/aiwifi.io\/wp-content\/uploads\/2024\/01\/punto-wifi_10_mesa-de-trabajo-1-copia-2-wztdgh-1000-2.webp 1000w, https:\/\/aiwifi.io\/wp-content\/uploads\/2024\/01\/punto-wifi_10_mesa-de-trabajo-1-copia-2-wztdgh-1000-2-300x278.webp 300w, https:\/\/aiwifi.io\/wp-content\/uploads\/2024\/01\/punto-wifi_10_mesa-de-trabajo-1-copia-2-wztdgh-1000-2-768x710.webp 768w, https:\/\/aiwifi.io\/wp-content\/uploads\/2024\/01\/punto-wifi_10_mesa-de-trabajo-1-copia-2-wztdgh-1000-2-710x657.webp 710w, https:\/\/aiwifi.io\/wp-content\/uploads\/2024\/01\/punto-wifi_10_mesa-de-trabajo-1-copia-2-wztdgh-1000-2-20x20.webp 20w, https:\/\/aiwifi.io\/wp-content\/uploads\/2024\/01\/punto-wifi_10_mesa-de-trabajo-1-copia-2-wztdgh-1000-2-600x555.webp 600w\" sizes=\"(max-width: 1000px) 100vw, 1000px\" \/>\t\t\t\t\t\t\t\t\t\t\t\t\t\t\t<\/div>\n\t\t\t\t<\/div>\n\t\t\t\t<\/div>\n\t\t<div class=\"elementor-element elementor-element-3f28b265 e-con-full e-flex e-con e-child\" data-id=\"3f28b265\" data-element_type=\"container\" data-e-type=\"container\">\n\t\t<div class=\"elementor-element elementor-element-17e0f8db e-con-full e-flex e-con e-child\" data-id=\"17e0f8db\" data-element_type=\"container\" data-e-type=\"container\">\n\t\t\t\t<div class=\"elementor-element elementor-element-5192039f animated-fast elementor-invisible elementor-widget elementor-widget-elementskit-heading\" data-id=\"5192039f\" data-element_type=\"widget\" data-e-type=\"widget\" data-settings=\"{&quot;_animation&quot;:&quot;fadeIn&quot;,&quot;_animation_delay&quot;:200,&quot;ekit_we_effect_on&quot;:&quot;none&quot;}\" data-widget_type=\"elementskit-heading.default\">\n\t\t\t\t<div class=\"elementor-widget-container\">\n\t\t\t\t\t<div class=\"ekit-wid-con\" ><div class=\"ekit-heading elementskit-section-title-wraper text_left   ekit_heading_tablet-   ekit_heading_mobile-\"><h6 class=\"elementskit-section-subtitle   ekit-heading__subtitle-has-border\">\n\t\t\t\t\t\tContacte con nosotros\n\t\t\t\t\t<\/h6><h1 class=\"ekit-heading--title elementskit-section-title \">Estamos listos para escucharte<\/h1>\t\t\t\t<div class='ekit-heading__description'>\n\t\t\t\t\t<p>Utilice nuestro chat para ponerse en contacto con nuestro equipo.  <\/p>\n<div style=\"position: fixed;width: 0px;height: 0px;top: 0px;left: 0px;z-index: 2147483647;overflow: visible\"><\/div>\n\t\t\t\t<\/div>\n\t\t\t<\/div><\/div>\t\t\t\t<\/div>\n\t\t\t\t<\/div>\n\t\t\t\t<\/div>\n\t\t\t\t<\/div>\n\t\t\t\t<\/div>\n\t\t<div class=\"elementor-element elementor-element-6da51e94 e-flex e-con-boxed e-con e-parent\" data-id=\"6da51e94\" data-element_type=\"container\" data-e-type=\"container\" data-settings=\"{&quot;background_background&quot;:&quot;classic&quot;}\">\n\t\t\t\t\t<div class=\"e-con-inner\">\n\t\t<div class=\"elementor-element elementor-element-6864f48d e-con-full e-flex e-con e-child\" data-id=\"6864f48d\" data-element_type=\"container\" data-e-type=\"container\">\n\t\t<div class=\"elementor-element elementor-element-33157fda e-con-full e-flex e-con e-child\" data-id=\"33157fda\" data-element_type=\"container\" data-e-type=\"container\">\n\t\t\t\t<div class=\"elementor-element elementor-element-72937e76 animated-fast elementor-invisible elementor-widget elementor-widget-elementskit-heading\" data-id=\"72937e76\" data-element_type=\"widget\" data-e-type=\"widget\" data-settings=\"{&quot;_animation&quot;:&quot;fadeIn&quot;,&quot;_animation_delay&quot;:100,&quot;ekit_we_effect_on&quot;:&quot;none&quot;}\" data-widget_type=\"elementskit-heading.default\">\n\t\t\t\t<div class=\"elementor-widget-container\">\n\t\t\t\t\t<div class=\"ekit-wid-con\" ><div class=\"ekit-heading elementskit-section-title-wraper text_left   ekit_heading_tablet-   ekit_heading_mobile-\"><h2 class=\"ekit-heading--title elementskit-section-title \">\u00bfBuscas <span>apoyo?<\/span><\/h2>\t\t\t\t<div class='ekit-heading__description'>\n\t\t\t\t\t<p>Entendemos que a veces necesitas que te echen una mano. A continuaci\u00f3n encontrar\u00e1 la ayuda que necesita.<\/p>\n\t\t\t\t<\/div>\n\t\t\t<\/div><\/div>\t\t\t\t<\/div>\n\t\t\t\t<\/div>\n\t\t\t\t<\/div>\n\t\t<div class=\"elementor-element elementor-element-1438549e e-con-full e-flex e-con e-child\" data-id=\"1438549e\" data-element_type=\"container\" data-e-type=\"container\">\n\t\t\t\t<div class=\"elementor-element elementor-element-6bd17613 animated-fast elementor-invisible elementor-widget elementor-widget-elementskit-heading\" data-id=\"6bd17613\" data-element_type=\"widget\" data-e-type=\"widget\" data-settings=\"{&quot;_animation&quot;:&quot;fadeIn&quot;,&quot;_animation_delay&quot;:200,&quot;ekit_we_effect_on&quot;:&quot;none&quot;}\" data-widget_type=\"elementskit-heading.default\">\n\t\t\t\t<div class=\"elementor-widget-container\">\n\t\t\t\t\t<div class=\"ekit-wid-con\" ><div class=\"ekit-heading elementskit-section-title-wraper text_left   ekit_heading_tablet-   ekit_heading_mobile-\">\t\t\t\t<div class='ekit-heading__description'>\n\t\t\t\t\t<p>Ofrecemos una amplia gama de opciones de apoyo para ayudarle en cada paso del camino. Si tienes una pregunta t\u00e9cnica, necesitas orientaci\u00f3n sobre el uso de nuestras funciones o quieres ponerte en contacto con otros usuarios, estamos aqu\u00ed para ayudarte.<\/p>\n\t\t\t\t<\/div>\n\t\t\t<\/div><\/div>\t\t\t\t<\/div>\n\t\t\t\t<\/div>\n\t\t\t\t<\/div>\n\t\t\t\t<\/div>\n\t\t<div class=\"elementor-element elementor-element-7bbc9607 e-con-full e-flex e-con e-child\" data-id=\"7bbc9607\" data-element_type=\"container\" data-e-type=\"container\">\n\t\t<div class=\"elementor-element elementor-element-38bd25d9 e-con-full e-flex e-con e-child\" data-id=\"38bd25d9\" data-element_type=\"container\" data-e-type=\"container\">\n\t\t\t\t<div class=\"elementor-element elementor-element-20955304 widget-link-underline animated-fast ekit-equal-height-disable elementor-invisible elementor-widget elementor-widget-elementskit-icon-box\" data-id=\"20955304\" data-element_type=\"widget\" data-e-type=\"widget\" data-settings=\"{&quot;_animation&quot;:&quot;fadeInUp&quot;,&quot;_animation_delay&quot;:100,&quot;ekit_we_effect_on&quot;:&quot;none&quot;}\" data-widget_type=\"elementskit-icon-box.default\">\n\t\t\t\t<div class=\"elementor-widget-container\">\n\t\t\t\t\t<div class=\"ekit-wid-con\" >        <!-- link opening -->\n                <!-- end link opening -->\n\n        <div class=\"elementskit-infobox text-left text-left icon-top-align elementor-animation-   \">\n                    <div class=\"elementskit-box-header elementor-animation-\">\n                <div class=\"elementskit-info-box-icon  \">\n                    <i aria-hidden=\"true\" class=\"elementkit-infobox-icon icon icon-chat\"><\/i>\n                <\/div>\n          <\/div>\n                        <div class=\"box-body\">\n                            <h3 class=\"elementskit-info-box-title\">\n                    Centro de Soporte                <\/h3>\n                        \t\t  \t<p>Encuentre respuestas instant\u00e1neas a las preguntas m\u00e1s frecuentes. Hemos recopilado una gran cantidad de recursos para orientarle.<\/p>\n                                        <div class=\"box-footer disable_hover_button\">\n                    <div class=\"btn-wraper\">\n                                                            <a class=\"elementskit-btn whitespace--normal\" href=\"#\">\n                                        Compru\u00e9belo                                    <\/a>\n                                                        <\/div>\n                <\/div>\n                    <\/div>\n        \n        \n                <\/div>\n        <\/div>\t\t\t\t<\/div>\n\t\t\t\t<\/div>\n\t\t\t\t<\/div>\n\t\t<div class=\"elementor-element elementor-element-817fa26 e-con-full e-flex e-con e-child\" data-id=\"817fa26\" data-element_type=\"container\" data-e-type=\"container\">\n\t\t\t\t<div class=\"elementor-element elementor-element-5e26a4bb widget-link-underline animated-fast ekit-equal-height-disable elementor-invisible elementor-widget elementor-widget-elementskit-icon-box\" data-id=\"5e26a4bb\" data-element_type=\"widget\" data-e-type=\"widget\" data-settings=\"{&quot;_animation&quot;:&quot;fadeInUp&quot;,&quot;_animation_delay&quot;:200,&quot;ekit_we_effect_on&quot;:&quot;none&quot;}\" data-widget_type=\"elementskit-icon-box.default\">\n\t\t\t\t<div class=\"elementor-widget-container\">\n\t\t\t\t\t<div class=\"ekit-wid-con\" >        <!-- link opening -->\n                <!-- end link opening -->\n\n        <div class=\"elementskit-infobox text-left text-left icon-top-align elementor-animation-   \">\n                    <div class=\"elementskit-box-header elementor-animation-\">\n                <div class=\"elementskit-info-box-icon  \">\n                    <i aria-hidden=\"true\" class=\"elementkit-infobox-icon icon icon-settings-2\"><\/i>\n                <\/div>\n          <\/div>\n                        <div class=\"box-body\">\n                            <h3 class=\"elementskit-info-box-title\">\n                    Gu\u00edas para desarrolladores                <\/h3>\n                        \t\t  \t<p>Documentaci\u00f3n detallada, ejemplos de c\u00f3digo y mejores pr\u00e1cticas para ayudarle a mejorar sus proyectos.<\/p>\n                                        <div class=\"box-footer disable_hover_button\">\n                    <div class=\"btn-wraper\">\n                                                            <a class=\"elementskit-btn whitespace--normal\" href=\"#\">\n                                        Compru\u00e9belo                                    <\/a>\n                                                        <\/div>\n                <\/div>\n                    <\/div>\n        \n        \n                <\/div>\n        <\/div>\t\t\t\t<\/div>\n\t\t\t\t<\/div>\n\t\t\t\t<\/div>\n\t\t<div class=\"elementor-element elementor-element-5a78c6be e-con-full e-flex e-con e-child\" data-id=\"5a78c6be\" data-element_type=\"container\" data-e-type=\"container\">\n\t\t\t\t<div class=\"elementor-element elementor-element-54993926 widget-link-underline animated-fast ekit-equal-height-disable elementor-invisible elementor-widget elementor-widget-elementskit-icon-box\" data-id=\"54993926\" data-element_type=\"widget\" data-e-type=\"widget\" data-settings=\"{&quot;_animation&quot;:&quot;fadeInUp&quot;,&quot;_animation_delay&quot;:300,&quot;ekit_we_effect_on&quot;:&quot;none&quot;}\" data-widget_type=\"elementskit-icon-box.default\">\n\t\t\t\t<div class=\"elementor-widget-container\">\n\t\t\t\t\t<div class=\"ekit-wid-con\" >        <!-- link opening -->\n                <!-- end link opening -->\n\n        <div class=\"elementskit-infobox text-left text-left icon-top-align elementor-animation-   \">\n                    <div class=\"elementskit-box-header elementor-animation-\">\n                <div class=\"elementskit-info-box-icon  \">\n                    <i aria-hidden=\"true\" class=\"elementkit-infobox-icon icon icon-earth\"><\/i>\n                <\/div>\n          <\/div>\n                        <div class=\"box-body\">\n                            <h3 class=\"elementskit-info-box-title\">\n                    Comunidad                <\/h3>\n                        \t\t  \t<p>Con\u00e9ctese con otros usuarios, comparta sus experiencias y aprenda de los dem\u00e1s en nuestro animado foro comunitario.  <\/p>\n                                        <div class=\"box-footer disable_hover_button\">\n                    <div class=\"btn-wraper\">\n                                                            <a class=\"elementskit-btn whitespace--normal\" href=\"#\">\n                                        Compru\u00e9belo                                    <\/a>\n                                                        <\/div>\n                <\/div>\n                    <\/div>\n        \n        \n                <\/div>\n        <\/div>\t\t\t\t<\/div>\n\t\t\t\t<\/div>\n\t\t\t\t<\/div>\n\t\t\t\t<\/div>\n\t\t\t\t\t<\/div>\n\t\t\t\t<\/div>\n\t\t\t\t<\/div>\n\t\t","protected":false},"excerpt":{"rendered":"<p>Contacte con nosotros Estamos listos para escucharte Utilice nuestro chat para ponerse en contacto con nuestro equipo. \u00bfBuscas apoyo? Entendemos que a veces necesitas que te echen una mano. A continuaci\u00f3n encontrar\u00e1 la ayuda que necesita. Ofrecemos una amplia gama de opciones de apoyo para ayudarle en cada paso del camino. Si tienes una pregunta [&hellip;]<\/p>\n","protected":false},"author":1,"featured_media":0,"parent":0,"menu_order":0,"comment_status":"closed","ping_status":"closed","template":"","meta":{"footnotes":""},"class_list":["post-24168","page","type-page","status-publish","hentry"],"yoast_head":"<!-- This site is optimized with the Yoast SEO plugin v27.4 - https:\/\/yoast.com\/product\/yoast-seo-wordpress\/ -->\n<title>Contacto - Aiwifi<\/title>\n<meta name=\"description\" content=\"Contacto - Aiwifi\" \/>\n<meta name=\"robots\" content=\"index, follow, max-snippet:-1, max-image-preview:large, max-video-preview:-1\" \/>\n<link rel=\"canonical\" href=\"https:\/\/aiwifi.io\/es\/contacto\/\" \/>\n<meta property=\"og:locale\" content=\"es_ES\" \/>\n<meta property=\"og:type\" content=\"article\" \/>\n<meta property=\"og:title\" content=\"Contacto - Aiwifi\" \/>\n<meta property=\"og:description\" content=\"Contacto - Aiwifi\" \/>\n<meta property=\"og:url\" content=\"https:\/\/aiwifi.io\/es\/contacto\/\" \/>\n<meta property=\"og:site_name\" content=\"Aiwifi\" \/>\n<meta property=\"article:publisher\" content=\"https:\/\/www.facebook.com\/aiwifiinsights\/\" \/>\n<meta property=\"article:modified_time\" content=\"2024-01-19T16:55:19+00:00\" \/>\n<meta property=\"og:image\" content=\"https:\/\/aiwifi.io\/wp-content\/uploads\/2024\/01\/punto-wifi_10_mesa-de-trabajo-1-copia-2-wztdgh-1000-2.webp\" \/>\n<meta name=\"twitter:card\" content=\"summary_large_image\" \/>\n<meta name=\"twitter:site\" content=\"@aiwifiio\" \/>\n<meta name=\"twitter:label1\" content=\"Tiempo de lectura\" \/>\n\t<meta name=\"twitter:data1\" content=\"1 minuto\" \/>\n<script type=\"application\/ld+json\" class=\"yoast-schema-graph\">{\"@context\":\"https:\\\/\\\/schema.org\",\"@graph\":[{\"@type\":\"WebPage\",\"@id\":\"https:\\\/\\\/aiwifi.io\\\/es\\\/contacto\\\/\",\"url\":\"https:\\\/\\\/aiwifi.io\\\/es\\\/contacto\\\/\",\"name\":\"Contacto - Aiwifi\",\"isPartOf\":{\"@id\":\"https:\\\/\\\/aiwifi.io\\\/es\\\/#website\"},\"primaryImageOfPage\":{\"@id\":\"https:\\\/\\\/aiwifi.io\\\/es\\\/contacto\\\/#primaryimage\"},\"image\":{\"@id\":\"https:\\\/\\\/aiwifi.io\\\/es\\\/contacto\\\/#primaryimage\"},\"thumbnailUrl\":\"https:\\\/\\\/aiwifi.io\\\/wp-content\\\/uploads\\\/2024\\\/01\\\/punto-wifi_10_mesa-de-trabajo-1-copia-2-wztdgh-1000-2.webp\",\"datePublished\":\"2023-09-27T21:45:09+00:00\",\"dateModified\":\"2024-01-19T16:55:19+00:00\",\"description\":\"Contacto - Aiwifi\",\"breadcrumb\":{\"@id\":\"https:\\\/\\\/aiwifi.io\\\/es\\\/contacto\\\/#breadcrumb\"},\"inLanguage\":\"es\",\"potentialAction\":[{\"@type\":\"ReadAction\",\"target\":[\"https:\\\/\\\/aiwifi.io\\\/es\\\/contacto\\\/\"]}]},{\"@type\":\"ImageObject\",\"inLanguage\":\"es\",\"@id\":\"https:\\\/\\\/aiwifi.io\\\/es\\\/contacto\\\/#primaryimage\",\"url\":\"https:\\\/\\\/aiwifi.io\\\/wp-content\\\/uploads\\\/2024\\\/01\\\/punto-wifi_10_mesa-de-trabajo-1-copia-2-wztdgh-1000-2.webp\",\"contentUrl\":\"https:\\\/\\\/aiwifi.io\\\/wp-content\\\/uploads\\\/2024\\\/01\\\/punto-wifi_10_mesa-de-trabajo-1-copia-2-wztdgh-1000-2.webp\"},{\"@type\":\"BreadcrumbList\",\"@id\":\"https:\\\/\\\/aiwifi.io\\\/es\\\/contacto\\\/#breadcrumb\",\"itemListElement\":[{\"@type\":\"ListItem\",\"position\":1,\"name\":\"Home\",\"item\":\"https:\\\/\\\/aiwifi.io\\\/es\\\/inicio\\\/\"},{\"@type\":\"ListItem\",\"position\":2,\"name\":\"Contacto\"}]},{\"@type\":\"WebSite\",\"@id\":\"https:\\\/\\\/aiwifi.io\\\/es\\\/#website\",\"url\":\"https:\\\/\\\/aiwifi.io\\\/es\\\/\",\"name\":\"Aiwifi - AI based WiFi Captive Portal\",\"description\":\"The most advanced wifi captive portal solution in the market.\",\"publisher\":{\"@id\":\"https:\\\/\\\/aiwifi.io\\\/es\\\/#organization\"},\"alternateName\":\"Aiwifi - WiFi marketing and analytics\",\"potentialAction\":[{\"@type\":\"SearchAction\",\"target\":{\"@type\":\"EntryPoint\",\"urlTemplate\":\"https:\\\/\\\/aiwifi.io\\\/es\\\/?s={search_term_string}\"},\"query-input\":{\"@type\":\"PropertyValueSpecification\",\"valueRequired\":true,\"valueName\":\"search_term_string\"}}],\"inLanguage\":\"es\"},{\"@type\":\"Organization\",\"@id\":\"https:\\\/\\\/aiwifi.io\\\/es\\\/#organization\",\"name\":\"Aiwifi\",\"alternateName\":\"Aiwifi Insights\",\"url\":\"https:\\\/\\\/aiwifi.io\\\/es\\\/\",\"logo\":{\"@type\":\"ImageObject\",\"inLanguage\":\"es\",\"@id\":\"https:\\\/\\\/aiwifi.io\\\/es\\\/#\\\/schema\\\/logo\\\/image\\\/\",\"url\":\"https:\\\/\\\/aiwifi.io\\\/wp-content\\\/uploads\\\/2023\\\/09\\\/isologotipo-01-1.png?wsr\",\"contentUrl\":\"https:\\\/\\\/aiwifi.io\\\/wp-content\\\/uploads\\\/2023\\\/09\\\/isologotipo-01-1.png?wsr\",\"width\":377,\"height\":184,\"caption\":\"Aiwifi\"},\"image\":{\"@id\":\"https:\\\/\\\/aiwifi.io\\\/es\\\/#\\\/schema\\\/logo\\\/image\\\/\"},\"sameAs\":[\"https:\\\/\\\/www.facebook.com\\\/aiwifiinsights\\\/\",\"https:\\\/\\\/x.com\\\/aiwifiio\",\"https:\\\/\\\/www.linkedin.com\\\/company\\\/aiwifi\"]}]}<\/script>\n<!-- \/ Yoast SEO plugin. -->","yoast_head_json":{"title":"Contacto - Aiwifi","description":"Contacto - Aiwifi","robots":{"index":"index","follow":"follow","max-snippet":"max-snippet:-1","max-image-preview":"max-image-preview:large","max-video-preview":"max-video-preview:-1"},"canonical":"https:\/\/aiwifi.io\/es\/contacto\/","og_locale":"es_ES","og_type":"article","og_title":"Contacto - Aiwifi","og_description":"Contacto - Aiwifi","og_url":"https:\/\/aiwifi.io\/es\/contacto\/","og_site_name":"Aiwifi","article_publisher":"https:\/\/www.facebook.com\/aiwifiinsights\/","article_modified_time":"2024-01-19T16:55:19+00:00","og_image":[{"url":"https:\/\/aiwifi.io\/wp-content\/uploads\/2024\/01\/punto-wifi_10_mesa-de-trabajo-1-copia-2-wztdgh-1000-2.webp","type":"","width":"","height":""}],"twitter_card":"summary_large_image","twitter_site":"@aiwifiio","twitter_misc":{"Tiempo de lectura":"1 minuto"},"schema":{"@context":"https:\/\/schema.org","@graph":[{"@type":"WebPage","@id":"https:\/\/aiwifi.io\/es\/contacto\/","url":"https:\/\/aiwifi.io\/es\/contacto\/","name":"Contacto - Aiwifi","isPartOf":{"@id":"https:\/\/aiwifi.io\/es\/#website"},"primaryImageOfPage":{"@id":"https:\/\/aiwifi.io\/es\/contacto\/#primaryimage"},"image":{"@id":"https:\/\/aiwifi.io\/es\/contacto\/#primaryimage"},"thumbnailUrl":"https:\/\/aiwifi.io\/wp-content\/uploads\/2024\/01\/punto-wifi_10_mesa-de-trabajo-1-copia-2-wztdgh-1000-2.webp","datePublished":"2023-09-27T21:45:09+00:00","dateModified":"2024-01-19T16:55:19+00:00","description":"Contacto - Aiwifi","breadcrumb":{"@id":"https:\/\/aiwifi.io\/es\/contacto\/#breadcrumb"},"inLanguage":"es","potentialAction":[{"@type":"ReadAction","target":["https:\/\/aiwifi.io\/es\/contacto\/"]}]},{"@type":"ImageObject","inLanguage":"es","@id":"https:\/\/aiwifi.io\/es\/contacto\/#primaryimage","url":"https:\/\/aiwifi.io\/wp-content\/uploads\/2024\/01\/punto-wifi_10_mesa-de-trabajo-1-copia-2-wztdgh-1000-2.webp","contentUrl":"https:\/\/aiwifi.io\/wp-content\/uploads\/2024\/01\/punto-wifi_10_mesa-de-trabajo-1-copia-2-wztdgh-1000-2.webp"},{"@type":"BreadcrumbList","@id":"https:\/\/aiwifi.io\/es\/contacto\/#breadcrumb","itemListElement":[{"@type":"ListItem","position":1,"name":"Home","item":"https:\/\/aiwifi.io\/es\/inicio\/"},{"@type":"ListItem","position":2,"name":"Contacto"}]},{"@type":"WebSite","@id":"https:\/\/aiwifi.io\/es\/#website","url":"https:\/\/aiwifi.io\/es\/","name":"Aiwifi - AI based WiFi Captive Portal","description":"The most advanced wifi captive portal solution in the market.","publisher":{"@id":"https:\/\/aiwifi.io\/es\/#organization"},"alternateName":"Aiwifi - WiFi marketing and analytics","potentialAction":[{"@type":"SearchAction","target":{"@type":"EntryPoint","urlTemplate":"https:\/\/aiwifi.io\/es\/?s={search_term_string}"},"query-input":{"@type":"PropertyValueSpecification","valueRequired":true,"valueName":"search_term_string"}}],"inLanguage":"es"},{"@type":"Organization","@id":"https:\/\/aiwifi.io\/es\/#organization","name":"Aiwifi","alternateName":"Aiwifi Insights","url":"https:\/\/aiwifi.io\/es\/","logo":{"@type":"ImageObject","inLanguage":"es","@id":"https:\/\/aiwifi.io\/es\/#\/schema\/logo\/image\/","url":"https:\/\/aiwifi.io\/wp-content\/uploads\/2023\/09\/isologotipo-01-1.png?wsr","contentUrl":"https:\/\/aiwifi.io\/wp-content\/uploads\/2023\/09\/isologotipo-01-1.png?wsr","width":377,"height":184,"caption":"Aiwifi"},"image":{"@id":"https:\/\/aiwifi.io\/es\/#\/schema\/logo\/image\/"},"sameAs":["https:\/\/www.facebook.com\/aiwifiinsights\/","https:\/\/x.com\/aiwifiio","https:\/\/www.linkedin.com\/company\/aiwifi"]}]}},"jetpack_sharing_enabled":true,"_links":{"self":[{"href":"https:\/\/aiwifi.io\/es\/wp-json\/wp\/v2\/pages\/24168","targetHints":{"allow":["GET"]}}],"collection":[{"href":"https:\/\/aiwifi.io\/es\/wp-json\/wp\/v2\/pages"}],"about":[{"href":"https:\/\/aiwifi.io\/es\/wp-json\/wp\/v2\/types\/page"}],"author":[{"embeddable":true,"href":"https:\/\/aiwifi.io\/es\/wp-json\/wp\/v2\/users\/1"}],"replies":[{"embeddable":true,"href":"https:\/\/aiwifi.io\/es\/wp-json\/wp\/v2\/comments?post=24168"}],"version-history":[{"count":0,"href":"https:\/\/aiwifi.io\/es\/wp-json\/wp\/v2\/pages\/24168\/revisions"}],"wp:attachment":[{"href":"https:\/\/aiwifi.io\/es\/wp-json\/wp\/v2\/media?parent=24168"}],"curies":[{"name":"wp","href":"https:\/\/api.w.org\/{rel}","templated":true}]}}